{"id":57,"date":"2020-08-24T22:46:26","date_gmt":"2020-08-24T19:46:26","guid":{"rendered":"https:\/\/aanihuone.fi\/?page_id=57"},"modified":"2023-09-04T10:10:32","modified_gmt":"2023-09-04T07:10:32","slug":"etusivuosio","status":"publish","type":"page","link":"https:\/\/aanihuone.fi\/","title":{"rendered":"Sivusto muuttanut"},"content":{"rendered":"\n<p class=\"has-text-align-center\">Kiitos vierailusta, sivuston sis\u00e4lt\u00f6 l\u00f6ytyy nykyisin osoitteesta <a href=\"http:\/\/www.nellinyman.com\">www.nellinyman.com<\/a><\/p>\n\n\n\n<p class=\"has-text-align-center\">\n<\/p>\n\n\n\n<p class=\"has-text-align-center\">\n<\/p>\n\n\n\n<p class=\"has-text-align-center\"><\/p>\n\n\n\n<p class=\"has-text-align-center\"><\/p>\n\n\n\n<figure class=\"wp-block-image aligncenter size-large\"><img loading=\"lazy\" decoding=\"async\" width=\"750\" height=\"1000\" src=\"https:\/\/aanihuone.fi\/wp-content\/uploads\/2020\/08\/RentoutushoitoTampere.jpg\" alt=\"\" class=\"wp-image-237\" srcset=\"https:\/\/aanihuone.fi\/wp-content\/uploads\/2020\/08\/RentoutushoitoTampere.jpg 750w, https:\/\/aanihuone.fi\/wp-content\/uploads\/2020\/08\/RentoutushoitoTampere-225x300.jpg 225w\" sizes=\"auto, (max-width: 750px) 100vw, 750px\" \/><\/figure>\n","protected":false},"excerpt":{"rendered":"<p>Kiitos vierailusta, sivuston sis\u00e4lt\u00f6 l\u00f6ytyy nykyisin osoitteesta www.nellinyman.com<\/p>\n","protected":false},"author":2,"featured_media":187,"parent":0,"menu_order":0,"comment_status":"closed","ping_status":"closed","template":"","meta":{"footnotes":""},"class_list":["post-57","page","type-page","status-publish","has-post-thumbnail","hentry"],"_links":{"self":[{"href":"https:\/\/aanihuone.fi\/index.php\/wp-json\/wp\/v2\/pages\/57","targetHints":{"allow":["GET"]}}],"collection":[{"href":"https:\/\/aanihuone.fi\/index.php\/wp-json\/wp\/v2\/pages"}],"about":[{"href":"https:\/\/aanihuone.fi\/index.php\/wp-json\/wp\/v2\/types\/page"}],"author":[{"embeddable":true,"href":"https:\/\/aanihuone.fi\/index.php\/wp-json\/wp\/v2\/users\/2"}],"replies":[{"embeddable":true,"href":"https:\/\/aanihuone.fi\/index.php\/wp-json\/wp\/v2\/comments?post=57"}],"version-history":[{"count":24,"href":"https:\/\/aanihuone.fi\/index.php\/wp-json\/wp\/v2\/pages\/57\/revisions"}],"predecessor-version":[{"id":374,"href":"https:\/\/aanihuone.fi\/index.php\/wp-json\/wp\/v2\/pages\/57\/revisions\/374"}],"wp:featuredmedia":[{"embeddable":true,"href":"https:\/\/aanihuone.fi\/index.php\/wp-json\/wp\/v2\/media\/187"}],"wp:attachment":[{"href":"https:\/\/aanihuone.fi\/index.php\/wp-json\/wp\/v2\/media?parent=57"}],"curies":[{"name":"wp","href":"https:\/\/api.w.org\/{rel}","templated":true}]}}